{"id":522,"date":"2026-03-11T21:29:00","date_gmt":"2026-03-11T21:29:00","guid":{"rendered":"https:\/\/www.annavanneau.com\/?page_id=522"},"modified":"2026-03-11T22:04:04","modified_gmt":"2026-03-11T22:04:04","slug":"about","status":"publish","type":"page","link":"https:\/\/www.annavanneau.com\/en\/about\/","title":{"rendered":"About"},"content":{"rendered":"\n<div class=\"wp-block-group about-bio reveal\"><div class=\"wp-block-group__inner-container is-layout-flow wp-block-group-is-layout-flow\">\n<p><\/p>\n\n\n\n<div class=\"wp-block-columns is-layout-flex wp-container-core-columns-is-layout-9d6595d7 wp-block-columns-is-layout-flex\">\n<div class=\"wp-block-column is-layout-flow wp-block-column-is-layout-flow\" style=\"flex-basis:30%\">\n<figure class=\"wp-block-image size-large is-style-default\"><picture><source srcset=\"https:\/\/www.annavanneau.com\/wp-content\/uploads\/2026\/03\/ex_projet3_thumb-683x1024.jpg.webp 683w, https:\/\/www.annavanneau.com\/wp-content\/uploads\/2026\/03\/ex_projet3_thumb-200x300.jpg.webp 200w, https:\/\/www.annavanneau.com\/wp-content\/uploads\/2026\/03\/ex_projet3_thumb-533x800.jpg.webp 533w, https:\/\/www.annavanneau.com\/wp-content\/uploads\/2026\/03\/ex_projet3_thumb-rotated.jpg.webp 768w\" sizes=\"auto, (max-width: 683px) 100vw, 683px\" type=\"image\/webp\"><img loading=\"lazy\" decoding=\"async\" width=\"683\" height=\"1024\" src=\"https:\/\/www.annavanneau.com\/wp-content\/uploads\/2026\/03\/ex_projet3_thumb-683x1024.jpg\" alt=\"\" class=\"wp-image-404\" srcset=\"https:\/\/www.annavanneau.com\/wp-content\/uploads\/2026\/03\/ex_projet3_thumb-683x1024.jpg 683w, https:\/\/www.annavanneau.com\/wp-content\/uploads\/2026\/03\/ex_projet3_thumb-200x300.jpg 200w, https:\/\/www.annavanneau.com\/wp-content\/uploads\/2026\/03\/ex_projet3_thumb-533x800.jpg 533w, https:\/\/www.annavanneau.com\/wp-content\/uploads\/2026\/03\/ex_projet3_thumb-rotated.jpg 768w\" sizes=\"auto, (max-width: 683px) 100vw, 683px\" \/><\/picture><\/figure>\n\n\n\n<p class=\"has-text-align-right\" style=\"font-size:10px\">Preparatory stage &#8211; <em>Le point z\u00e9ro<\/em> \u00a9Ilyan Gomez<\/p>\n<\/div>\n\n\n\n<div class=\"wp-block-column is-layout-flow wp-block-column-is-layout-flow\" style=\"flex-basis:45%\">\n<p style=\"font-size:17px\">A dancer and artist for nearly fifteen years, I currently collaborate with Christian Rizzo (<em>\u00e0 l&#8217;ombre d&#8217;un vaste d\u00e9tail<\/em>, <em>hors temp\u00eate<\/em> &#8211; 2025), La Zampa company (<em>Empire<\/em> \u2013 2025 and <em>Ceinture de Feu<\/em> \u2013 2026), Youness Aboulakoul (<em>Ayta<\/em> \u2013 2024) and Nefeli Asteriou (<em>Tear<\/em> \u2013 2026). <\/p>\n<\/div>\n<\/div>\n\n\n\n<div style=\"height:42px\" aria-hidden=\"true\" class=\"wp-block-spacer\"><\/div>\n\n\n\n<div class=\"wp-block-columns is-layout-flex wp-container-core-columns-is-layout-9d6595d7 wp-block-columns-is-layout-flex\">\n<div class=\"wp-block-column is-layout-flow wp-block-column-is-layout-flow\">\n<p class=\"has-text-align-right\" style=\"font-size:17px\">Eight years ago, the shooting of the film <em>Benedetta<\/em> by Paul Verhoeven and the discovery, that same year, of Super 8 filmmaking, marked a true turning point in my artistic career, which had until then been essentially choreographic.<br>Since then, I have continuously explored the possible contact zones between dance and cinema.<br>These zones are spaces that I unfold, that I question, and that fuel my creative drive. I consider them as places of thought, movement and objects, and they form my artistic, political and intimate identity.<br><\/p>\n\n\n\n<p><\/p>\n\n\n\n<p><\/p>\n<\/div>\n\n\n\n<div class=\"wp-block-column is-layout-flow wp-block-column-is-layout-flow\">\n<figure class=\"wp-block-image size-large\"><img loading=\"lazy\" decoding=\"async\" width=\"1024\" height=\"768\" src=\"https:\/\/www.annavanneau.com\/wp-content\/uploads\/2026\/03\/ex_projet2_thumb-1024x768.webp\" alt=\"\" class=\"wp-image-407\" srcset=\"https:\/\/www.annavanneau.com\/wp-content\/uploads\/2026\/03\/ex_projet2_thumb-1024x768.webp 1024w, https:\/\/www.annavanneau.com\/wp-content\/uploads\/2026\/03\/ex_projet2_thumb-300x225.webp 300w, https:\/\/www.annavanneau.com\/wp-content\/uploads\/2026\/03\/ex_projet2_thumb-768x576.webp 768w, https:\/\/www.annavanneau.com\/wp-content\/uploads\/2026\/03\/ex_projet2_thumb-1067x800.webp 1067w, https:\/\/www.annavanneau.com\/wp-content\/uploads\/2026\/03\/ex_projet2_thumb.webp 1200w\" sizes=\"auto, (max-width: 1024px) 100vw, 1024px\" \/><\/figure>\n\n\n\n<p class=\"has-text-align-right\" style=\"font-size:10px\">Shooting <em>Le point z\u00e9ro: ensemble 3<\/em> \u00a9Joseph Kraft<br><\/p>\n<\/div>\n<\/div>\n\n\n\n<div style=\"height:42px\" aria-hidden=\"true\" class=\"wp-block-spacer\"><\/div>\n\n\n\n<div class=\"wp-block-columns is-layout-flex wp-container-core-columns-is-layout-9d6595d7 wp-block-columns-is-layout-flex\">\n<div class=\"wp-block-column is-layout-flow wp-block-column-is-layout-flow\" style=\"flex-basis:33.33%\"><div class=\"wp-block-image\">\n<figure class=\"aligncenter size-full\"><picture><source srcset=\"https:\/\/www.annavanneau.com\/wp-content\/uploads\/2026\/03\/Asset-1-80.jpg.webp 304w, https:\/\/www.annavanneau.com\/wp-content\/uploads\/2026\/03\/Asset-1-80-300x126.jpg.webp 300w\" sizes=\"auto, (max-width: 304px) 100vw, 304px\" type=\"image\/webp\"><img loading=\"lazy\" decoding=\"async\" width=\"304\" height=\"128\" src=\"https:\/\/www.annavanneau.com\/wp-content\/uploads\/2026\/03\/Asset-1-80.jpg\" alt=\"\" class=\"wp-image-411\" style=\"object-fit:cover\" srcset=\"https:\/\/www.annavanneau.com\/wp-content\/uploads\/2026\/03\/Asset-1-80.jpg 304w, https:\/\/www.annavanneau.com\/wp-content\/uploads\/2026\/03\/Asset-1-80-300x126.jpg 300w\" sizes=\"auto, (max-width: 304px) 100vw, 304px\" \/><\/picture><\/figure>\n<\/div>\n\n\n<p class=\"has-text-align-right\" style=\"font-size:10px\">Creation <em>La belle humeur<\/em> [ La Zampa ] \u00a9Pierre Ricci<br><\/p>\n\n\n\n<div style=\"height:9px\" aria-hidden=\"true\" class=\"wp-block-spacer\"><\/div>\n\n\n<div class=\"wp-block-image\">\n<figure class=\"aligncenter size-full\"><picture><source srcset=\"https:\/\/www.annavanneau.com\/wp-content\/uploads\/2026\/03\/Asset-2-80.jpg.webp 331w, https:\/\/www.annavanneau.com\/wp-content\/uploads\/2026\/03\/Asset-2-80-300x300.jpg.webp 300w, https:\/\/www.annavanneau.com\/wp-content\/uploads\/2026\/03\/Asset-2-80-150x150.jpg.webp 150w\" sizes=\"auto, (max-width: 331px) 100vw, 331px\" type=\"image\/webp\"><img loading=\"lazy\" decoding=\"async\" width=\"331\" height=\"332\" src=\"https:\/\/www.annavanneau.com\/wp-content\/uploads\/2026\/03\/Asset-2-80.jpg\" alt=\"\" class=\"wp-image-412\" style=\"aspect-ratio:0.9970192902536416\" srcset=\"https:\/\/www.annavanneau.com\/wp-content\/uploads\/2026\/03\/Asset-2-80.jpg 331w, https:\/\/www.annavanneau.com\/wp-content\/uploads\/2026\/03\/Asset-2-80-300x300.jpg 300w, https:\/\/www.annavanneau.com\/wp-content\/uploads\/2026\/03\/Asset-2-80-150x150.jpg 150w\" sizes=\"auto, (max-width: 331px) 100vw, 331px\" \/><\/picture><\/figure>\n<\/div>\n\n\n<p class=\"has-text-align-right\" style=\"font-size:10px\">Creation <em>Empire<\/em> [ La Zampa ] | CCN de Montpellier<\/p>\n<\/div>\n\n\n\n<div class=\"wp-block-column is-layout-flow wp-block-column-is-layout-flow\" style=\"flex-basis:50%\">\n<p style=\"font-size:17px\">Whether in visual art or dance, what inspires me is intrinsically linked to our era; while observing my roots, I try to take the pulse of what surrounds me in order to deploy my own zones of creativity.<\/p>\n\n\n\n<p style=\"font-size:17px\"><br><\/p>\n\n\n\n<p style=\"font-size:17px\">Starting from this premise, the dancing subjects and\/or characters of my films are never isolated; they are part of an attempt to make their stories resonate on a more collective scale. I create my works by conceiving them as a contemporary fresco, traversed by different artistic currents and cinematic genres, juxtaposing layers of underground narratives.<\/p>\n<\/div>\n<\/div>\n\n\n\n<div style=\"height:42px\" aria-hidden=\"true\" class=\"wp-block-spacer\"><\/div>\n\n\n\n<div class=\"wp-block-columns is-layout-flex wp-container-core-columns-is-layout-9d6595d7 wp-block-columns-is-layout-flex\">\n<div class=\"wp-block-column is-layout-flow wp-block-column-is-layout-flow\">\n<p class=\"has-text-align-right\" style=\"font-size:17px\">My relationship to territory and the elements was completely upended when, over the course of two years, I had the opportunity to participate in four artistic sailing tours. Since then, it has become impossible for me to dissociate an artistic work from the environment \u2014 real, fictional or fantasized \u2014 that constitutes it. The setting, the territorial context and what it implies in terms of imaginaries, cultures and relationships with living beings, have become one of the major focal points of my attention.<\/p>\n<\/div>\n\n\n\n<div class=\"wp-block-column is-layout-flow wp-block-column-is-layout-flow\">\n<figure class=\"wp-block-image size-large\"><picture><source srcset=\"https:\/\/www.annavanneau.com\/wp-content\/uploads\/2026\/03\/festina-1024x576.jpeg.webp 1024w, https:\/\/www.annavanneau.com\/wp-content\/uploads\/2026\/03\/festina-300x169.jpeg.webp 300w, https:\/\/www.annavanneau.com\/wp-content\/uploads\/2026\/03\/festina-768x432.jpeg.webp 768w, https:\/\/www.annavanneau.com\/wp-content\/uploads\/2026\/03\/festina-1200x675.jpeg.webp 1200w, https:\/\/www.annavanneau.com\/wp-content\/uploads\/2026\/03\/festina.jpeg.webp 1366w\" sizes=\"auto, (max-width: 1024px) 100vw, 1024px\" type=\"image\/webp\"><img loading=\"lazy\" decoding=\"async\" width=\"1024\" height=\"576\" src=\"https:\/\/www.annavanneau.com\/wp-content\/uploads\/2026\/03\/festina-1024x576.jpeg\" alt=\"\" class=\"wp-image-424\" style=\"object-fit:cover\" srcset=\"https:\/\/www.annavanneau.com\/wp-content\/uploads\/2026\/03\/festina-1024x576.jpeg 1024w, https:\/\/www.annavanneau.com\/wp-content\/uploads\/2026\/03\/festina-300x169.jpeg 300w, https:\/\/www.annavanneau.com\/wp-content\/uploads\/2026\/03\/festina-768x432.jpeg 768w, https:\/\/www.annavanneau.com\/wp-content\/uploads\/2026\/03\/festina-1200x675.jpeg 1200w, https:\/\/www.annavanneau.com\/wp-content\/uploads\/2026\/03\/festina.jpeg 1366w\" sizes=\"auto, (max-width: 1024px) 100vw, 1024px\" \/><\/picture><\/figure>\n\n\n\n<p class=\"has-text-align-right\" style=\"font-size:10px\">Festina Lente | Port of Licata, Sicily \u00a9Aur\u00e9lie Lemoine<br><\/p>\n<\/div>\n<\/div>\n\n\n\n<div style=\"height:42px\" aria-hidden=\"true\" class=\"wp-block-spacer\"><\/div>\n\n\n\n<p style=\"font-size:17px\"><\/p>\n\n\n\n<div class=\"wp-block-columns is-layout-flex wp-container-core-columns-is-layout-9d6595d7 wp-block-columns-is-layout-flex\">\n<div class=\"wp-block-column is-layout-flow wp-block-column-is-layout-flow\" style=\"flex-basis:33.33%\">\n<figure class=\"wp-block-image size-full is-resized\"><picture><source srcset=\"https:\/\/www.annavanneau.com\/wp-content\/uploads\/2026\/03\/08bc175c-6ab1-4ea6-baf9-697ec45f6213-edited-1.jpg.webp 984w, https:\/\/www.annavanneau.com\/wp-content\/uploads\/2026\/03\/08bc175c-6ab1-4ea6-baf9-697ec45f6213-edited-1-768x576.jpg.webp 768w\" sizes=\"auto, (max-width: 984px) 100vw, 984px\" type=\"image\/webp\"><img loading=\"lazy\" decoding=\"async\" width=\"984\" height=\"738\" src=\"https:\/\/www.annavanneau.com\/wp-content\/uploads\/2026\/03\/08bc175c-6ab1-4ea6-baf9-697ec45f6213-edited-1.jpg\" alt=\"\" class=\"wp-image-509\" style=\"width:auto;height:330px\" srcset=\"https:\/\/www.annavanneau.com\/wp-content\/uploads\/2026\/03\/08bc175c-6ab1-4ea6-baf9-697ec45f6213-edited-1.jpg 984w, https:\/\/www.annavanneau.com\/wp-content\/uploads\/2026\/03\/08bc175c-6ab1-4ea6-baf9-697ec45f6213-edited-1-768x576.jpg 768w\" sizes=\"auto, (max-width: 984px) 100vw, 984px\" \/><\/picture><\/figure>\n\n\n\n<p class=\"has-text-align-right\" style=\"font-size:10px\"><em>        Soeur<\/em> [ Compagnie Roselend ] \u00a9 Yves Heud\u00e8s<\/p>\n<\/div>\n\n\n\n<div class=\"wp-block-column is-layout-flow wp-block-column-is-layout-flow\" style=\"flex-basis:50%\">\n<p style=\"font-size:17px\">I conceive my works with the idea that an artistic object must define its own territory and establish its own laws, which cannot be limited to dominant narrative, aesthetic, moral or political norms. It is along this line of thinking that I developed the <em>Le point z\u00e9ro<\/em> corpus project, comprising four short films, in collaboration with geologist Baptiste Lepillier and the state-funded contemporary dance company La Zampa.<\/p>\n\n\n\n<p style=\"font-size:17px\">At the same time, my work is rooted in the tension generated by disparity: between documentary and fiction, figurative and abstract, cinema and contemporary dance, narrative and concept, collective and self-sufficiency\u2026 I thus strive to develop narratives at the edge of distinct worlds, to open up a cohabitation, in order to invite the uncanny into my creations. Like an invitation to let oneself slide into a space made of frictions, opening access to new narratives, drawing the contours of a contemporary mythology of my own.<\/p>\n<\/div>\n<\/div>\n\n\n\n<p><\/p>\n<\/div><\/div>\n","protected":false},"excerpt":{"rendered":"<p>Preparatory stage &#8211; Le point z\u00e9ro \u00a9Ilyan Gomez A dancer and artist for nearly fifteen years, I currently collaborate with Christian Rizzo (\u00e0 l&#8217;ombre d&#8217;un vaste d\u00e9tail, hors temp\u00eate &#8211; 2025), La Zampa company (Empire \u2013 2025 and Ceinture de Feu \u2013 2026), Youness Aboulakoul (Ayta \u2013 2024) and Nefeli Asteriou (Tear \u2013 2026). Eight [&hellip;]<\/p>\n","protected":false},"author":1,"featured_media":0,"parent":0,"menu_order":10,"comment_status":"closed","ping_status":"closed","template":"","meta":{"_locale":"en_US","_original_post":"https:\/\/www.annavanneau.com\/about\/","footnotes":""},"class_list":["post-522","page","type-page","status-publish","hentry","en-US"],"_links":{"self":[{"href":"https:\/\/www.annavanneau.com\/wp-json\/wp\/v2\/pages\/522","targetHints":{"allow":["GET"]}}],"collection":[{"href":"https:\/\/www.annavanneau.com\/wp-json\/wp\/v2\/pages"}],"about":[{"href":"https:\/\/www.annavanneau.com\/wp-json\/wp\/v2\/types\/page"}],"author":[{"embeddable":true,"href":"https:\/\/www.annavanneau.com\/wp-json\/wp\/v2\/users\/1"}],"replies":[{"embeddable":true,"href":"https:\/\/www.annavanneau.com\/wp-json\/wp\/v2\/comments?post=522"}],"version-history":[{"count":3,"href":"https:\/\/www.annavanneau.com\/wp-json\/wp\/v2\/pages\/522\/revisions"}],"predecessor-version":[{"id":526,"href":"https:\/\/www.annavanneau.com\/wp-json\/wp\/v2\/pages\/522\/revisions\/526"}],"wp:attachment":[{"href":"https:\/\/www.annavanneau.com\/wp-json\/wp\/v2\/media?parent=522"}],"curies":[{"name":"wp","href":"https:\/\/api.w.org\/{rel}","templated":true}]}}